{"id":263,"date":"2025-09-23T07:21:44","date_gmt":"2025-09-23T07:21:44","guid":{"rendered":"http:\/\/avih.org\/?page_id=263"},"modified":"2025-10-08T22:05:56","modified_gmt":"2025-10-08T22:05:56","slug":"notre-mission","status":"publish","type":"page","link":"https:\/\/avih.org\/index.php\/notre-mission\/","title":{"rendered":"Notre mission"},"content":{"rendered":"\t\t<div data-elementor-type=\"wp-page\" data-elementor-id=\"263\" class=\"elementor elementor-263\" data-elementor-post-type=\"page\">\n\t\t\t\t<div class=\"elementor-element elementor-element-34d0ebfe e-con-full e-flex e-con e-parent\" data-id=\"34d0ebfe\" data-element_type=\"container\" data-e-type=\"container\" data-settings=\"{&quot;background_background&quot;:&quot;classic&quot;}\">\n\t\t\t\t<\/div>\n\t\t<div class=\"elementor-element elementor-element-d17a3c3 e-flex e-con-boxed e-con e-parent\" data-id=\"d17a3c3\" data-element_type=\"container\" data-e-type=\"container\">\n\t\t\t\t\t<div class=\"e-con-inner\">\n\t\t\t\t<div class=\"elementor-element elementor-element-593f0df elementor-widget elementor-widget-spacer\" data-id=\"593f0df\" data-element_type=\"widget\" data-e-type=\"widget\" data-widget_type=\"spacer.default\">\n\t\t\t\t\t\t\t<div class=\"elementor-spacer\">\n\t\t\t<div class=\"elementor-spacer-inner\"><\/div>\n\t\t<\/div>\n\t\t\t\t\t\t<\/div>\n\t\t\t\t\t<\/div>\n\t\t\t\t<\/div>\n\t\t<div class=\"elementor-element elementor-element-fe28018 e-flex e-con-boxed e-con e-parent\" data-id=\"fe28018\" data-element_type=\"container\" data-e-type=\"container\">\n\t\t\t\t\t<div class=\"e-con-inner\">\n\t\t\t\t<div class=\"elementor-element elementor-element-421e4d7 elementor-widget elementor-widget-heading\" data-id=\"421e4d7\" data-element_type=\"widget\" data-e-type=\"widget\" data-widget_type=\"heading.default\">\n\t\t\t\t\t<h2 class=\"elementor-heading-title elementor-size-default\">Nos missions<\/h2>\t\t\t\t<\/div>\n\t\t\t\t<div class=\"elementor-element elementor-element-220fffd elementor-widget elementor-widget-heading\" data-id=\"220fffd\" data-element_type=\"widget\" data-e-type=\"widget\" data-widget_type=\"heading.default\">\n\t\t\t\t\t<h2 class=\"elementor-heading-title elementor-size-default\">Agir au quotidien pour r\u00e9duire les in\u00e9galit\u00e9s d\u2019acc\u00e8s \u00e0 la sant\u00e9.\u200b<\/h2>\t\t\t\t<\/div>\n\t\t\t\t\t<\/div>\n\t\t\t\t<\/div>\n\t\t<div class=\"elementor-element elementor-element-4cf64fd e-flex e-con-boxed e-con e-parent\" data-id=\"4cf64fd\" data-element_type=\"container\" data-e-type=\"container\">\n\t\t\t\t\t<div class=\"e-con-inner\">\n\t\t\t\t<div class=\"elementor-element elementor-element-3a08c3b elementor-widget elementor-widget-spacer\" data-id=\"3a08c3b\" data-element_type=\"widget\" data-e-type=\"widget\" data-widget_type=\"spacer.default\">\n\t\t\t\t\t\t\t<div class=\"elementor-spacer\">\n\t\t\t<div class=\"elementor-spacer-inner\"><\/div>\n\t\t<\/div>\n\t\t\t\t\t\t<\/div>\n\t\t\t\t\t<\/div>\n\t\t\t\t<\/div>\n\t\t<div class=\"elementor-element elementor-element-0758859 e-flex e-con-boxed e-con e-parent\" data-id=\"0758859\" data-element_type=\"container\" data-e-type=\"container\">\n\t\t\t\t\t<div class=\"e-con-inner\">\n\t\t<div class=\"elementor-element elementor-element-b430599 e-con-full e-flex e-con e-child\" data-id=\"b430599\" data-element_type=\"container\" data-e-type=\"container\">\n\t\t\t\t<div class=\"elementor-element elementor-element-c623204 elementor-widget elementor-widget-image\" data-id=\"c623204\" data-element_type=\"widget\" data-e-type=\"widget\" data-widget_type=\"image.default\">\n\t\t\t\t\t\t\t\t\t\t\t\t\t\t\t<img fetchpriority=\"high\" decoding=\"async\" width=\"800\" height=\"800\" src=\"https:\/\/avih.org\/wp-content\/uploads\/2025\/10\/convergence_coordination.png\" class=\"attachment-large size-large wp-image-333\" alt=\"\" srcset=\"https:\/\/avih.org\/wp-content\/uploads\/2025\/10\/convergence_coordination.png 801w, https:\/\/avih.org\/wp-content\/uploads\/2025\/10\/convergence_coordination-300x300.png 300w, https:\/\/avih.org\/wp-content\/uploads\/2025\/10\/convergence_coordination-150x150.png 150w, https:\/\/avih.org\/wp-content\/uploads\/2025\/10\/convergence_coordination-768x768.png 768w\" sizes=\"(max-width: 800px) 100vw, 800px\" \/>\t\t\t\t\t\t\t\t\t\t\t\t\t\t\t<\/div>\n\t\t\t\t<div class=\"elementor-element elementor-element-8aa0cc8 elementor-widget elementor-widget-icon-box\" data-id=\"8aa0cc8\" data-element_type=\"widget\" data-e-type=\"widget\" data-widget_type=\"icon-box.default\">\n\t\t\t\t\t\t\t<div class=\"elementor-icon-box-wrapper\">\n\n\t\t\t\n\t\t\t\t\t\t<div class=\"elementor-icon-box-content\">\n\n\t\t\t\t\n\t\t\t\t\t\t\t\t\t<p class=\"elementor-icon-box-description\">\n\t\t\t\t\t\t<strong>Coordonner les parcours de sant\u00e9 <\/strong><br>des personnes vuln\u00e9rables\t\t\t\t\t<\/p>\n\t\t\t\t\n\t\t\t<\/div>\n\t\t\t\n\t\t<\/div>\n\t\t\t\t\t\t<\/div>\n\t\t\t\t<\/div>\n\t\t<div class=\"elementor-element elementor-element-692dbfb e-con-full e-flex e-con e-child\" data-id=\"692dbfb\" data-element_type=\"container\" data-e-type=\"container\">\n\t\t\t\t<div class=\"elementor-element elementor-element-05a6f23 elementor-widget elementor-widget-image\" data-id=\"05a6f23\" data-element_type=\"widget\" data-e-type=\"widget\" data-widget_type=\"image.default\">\n\t\t\t\t\t\t\t\t\t\t\t\t\t\t\t<img decoding=\"async\" width=\"800\" height=\"800\" src=\"https:\/\/avih.org\/wp-content\/uploads\/2025\/10\/professionnels_sante.png\" class=\"attachment-large size-large wp-image-334\" alt=\"\" srcset=\"https:\/\/avih.org\/wp-content\/uploads\/2025\/10\/professionnels_sante.png 801w, https:\/\/avih.org\/wp-content\/uploads\/2025\/10\/professionnels_sante-300x300.png 300w, https:\/\/avih.org\/wp-content\/uploads\/2025\/10\/professionnels_sante-150x150.png 150w, https:\/\/avih.org\/wp-content\/uploads\/2025\/10\/professionnels_sante-768x768.png 768w\" sizes=\"(max-width: 800px) 100vw, 800px\" \/>\t\t\t\t\t\t\t\t\t\t\t\t\t\t\t<\/div>\n\t\t\t\t<div class=\"elementor-element elementor-element-e4eacb2 elementor-widget elementor-widget-icon-box\" data-id=\"e4eacb2\" data-element_type=\"widget\" data-e-type=\"widget\" data-widget_type=\"icon-box.default\">\n\t\t\t\t\t\t\t<div class=\"elementor-icon-box-wrapper\">\n\n\t\t\t\n\t\t\t\t\t\t<div class=\"elementor-icon-box-content\">\n\n\t\t\t\t\n\t\t\t\t\t\t\t\t\t<p class=\"elementor-icon-box-description\">\n\t\t\t\t\t\t<strong>R\u00e9duire les in\u00e9galit\u00e9s d\u2019acc\u00e8s aux soins <\/strong><br>et accompagner l\u2019ouverture des droits\t\t\t\t\t<\/p>\n\t\t\t\t\n\t\t\t<\/div>\n\t\t\t\n\t\t<\/div>\n\t\t\t\t\t\t<\/div>\n\t\t\t\t<\/div>\n\t\t<div class=\"elementor-element elementor-element-d69abe3 e-con-full e-flex e-con e-child\" data-id=\"d69abe3\" data-element_type=\"container\" data-e-type=\"container\">\n\t\t\t\t<div class=\"elementor-element elementor-element-c524024 elementor-widget elementor-widget-image\" data-id=\"c524024\" data-element_type=\"widget\" data-e-type=\"widget\" data-widget_type=\"image.default\">\n\t\t\t\t\t\t\t\t\t\t\t\t\t\t\t<img decoding=\"async\" width=\"316\" height=\"750\" src=\"https:\/\/avih.org\/wp-content\/uploads\/2025\/10\/lien_communication.png\" class=\"attachment-large size-large wp-image-306\" alt=\"\" srcset=\"https:\/\/avih.org\/wp-content\/uploads\/2025\/10\/lien_communication.png 316w, https:\/\/avih.org\/wp-content\/uploads\/2025\/10\/lien_communication-126x300.png 126w\" sizes=\"(max-width: 316px) 100vw, 316px\" \/>\t\t\t\t\t\t\t\t\t\t\t\t\t\t\t<\/div>\n\t\t\t\t<div class=\"elementor-element elementor-element-2d2d8e5 elementor-widget elementor-widget-icon-box\" data-id=\"2d2d8e5\" data-element_type=\"widget\" data-e-type=\"widget\" data-widget_type=\"icon-box.default\">\n\t\t\t\t\t\t\t<div class=\"elementor-icon-box-wrapper\">\n\n\t\t\t\n\t\t\t\t\t\t<div class=\"elementor-icon-box-content\">\n\n\t\t\t\t\n\t\t\t\t\t\t\t\t\t<p class=\"elementor-icon-box-description\">\n\t\t\t\t\t\t<strong>Mener des actions de pr\u00e9vention<\/strong>,<br>de d\u00e9pistage et d\u2019\u00e9ducation \u00e0 la sant\u00e9\t\t\t\t\t<\/p>\n\t\t\t\t\n\t\t\t<\/div>\n\t\t\t\n\t\t<\/div>\n\t\t\t\t\t\t<\/div>\n\t\t\t\t<\/div>\n\t\t<div class=\"elementor-element elementor-element-a39ac6f e-con-full e-flex e-con e-child\" data-id=\"a39ac6f\" data-element_type=\"container\" data-e-type=\"container\">\n\t\t\t\t<div class=\"elementor-element elementor-element-98e2465 elementor-widget elementor-widget-image\" data-id=\"98e2465\" data-element_type=\"widget\" data-e-type=\"widget\" data-widget_type=\"image.default\">\n\t\t\t\t\t\t\t\t\t\t\t\t\t\t\t<img loading=\"lazy\" decoding=\"async\" width=\"800\" height=\"800\" src=\"https:\/\/avih.org\/wp-content\/uploads\/2025\/10\/egalite.png\" class=\"attachment-large size-large wp-image-336\" alt=\"\" srcset=\"https:\/\/avih.org\/wp-content\/uploads\/2025\/10\/egalite.png 801w, https:\/\/avih.org\/wp-content\/uploads\/2025\/10\/egalite-300x300.png 300w, https:\/\/avih.org\/wp-content\/uploads\/2025\/10\/egalite-150x150.png 150w, https:\/\/avih.org\/wp-content\/uploads\/2025\/10\/egalite-768x768.png 768w\" sizes=\"(max-width: 800px) 100vw, 800px\" \/>\t\t\t\t\t\t\t\t\t\t\t\t\t\t\t<\/div>\n\t\t\t\t<div class=\"elementor-element elementor-element-1172339 elementor-widget elementor-widget-icon-box\" data-id=\"1172339\" data-element_type=\"widget\" data-e-type=\"widget\" data-widget_type=\"icon-box.default\">\n\t\t\t\t\t\t\t<div class=\"elementor-icon-box-wrapper\">\n\n\t\t\t\n\t\t\t\t\t\t<div class=\"elementor-icon-box-content\">\n\n\t\t\t\t\n\t\t\t\t\t\t\t\t\t<p class=\"elementor-icon-box-description\">\n\t\t\t\t\t\t<strong>Informer, former et soutenir<\/strong><br>\nles professionnel\u00b7les face aux situations complexes\t\t\t\t\t<\/p>\n\t\t\t\t\n\t\t\t<\/div>\n\t\t\t\n\t\t<\/div>\n\t\t\t\t\t\t<\/div>\n\t\t\t\t<\/div>\n\t\t<div class=\"elementor-element elementor-element-5bac403 e-con-full e-flex e-con e-child\" data-id=\"5bac403\" data-element_type=\"container\" data-e-type=\"container\">\n\t\t\t\t<div class=\"elementor-element elementor-element-692a88a elementor-widget elementor-widget-image\" data-id=\"692a88a\" data-element_type=\"widget\" data-e-type=\"widget\" data-widget_type=\"image.default\">\n\t\t\t\t\t\t\t\t\t\t\t\t\t\t\t<img loading=\"lazy\" decoding=\"async\" width=\"800\" height=\"800\" src=\"https:\/\/avih.org\/wp-content\/uploads\/2025\/10\/partenariats.png\" class=\"attachment-large size-large wp-image-335\" alt=\"\" srcset=\"https:\/\/avih.org\/wp-content\/uploads\/2025\/10\/partenariats.png 801w, https:\/\/avih.org\/wp-content\/uploads\/2025\/10\/partenariats-300x300.png 300w, https:\/\/avih.org\/wp-content\/uploads\/2025\/10\/partenariats-150x150.png 150w, https:\/\/avih.org\/wp-content\/uploads\/2025\/10\/partenariats-768x768.png 768w\" sizes=\"(max-width: 800px) 100vw, 800px\" \/>\t\t\t\t\t\t\t\t\t\t\t\t\t\t\t<\/div>\n\t\t\t\t<div class=\"elementor-element elementor-element-bcfe1ee elementor-widget__width-initial elementor-widget elementor-widget-icon-box\" data-id=\"bcfe1ee\" data-element_type=\"widget\" data-e-type=\"widget\" data-widget_type=\"icon-box.default\">\n\t\t\t\t\t\t\t<div class=\"elementor-icon-box-wrapper\">\n\n\t\t\t\n\t\t\t\t\t\t<div class=\"elementor-icon-box-content\">\n\n\t\t\t\t\n\t\t\t\t\t\t\t\t\t<p class=\"elementor-icon-box-description\">\n\t\t\t\t\t\t<strong>Participer \u00e0 la coh\u00e9rence territoriale <\/strong><br>en d\u00e9veloppant des partenariats locaux\t\t\t\t\t<\/p>\n\t\t\t\t\n\t\t\t<\/div>\n\t\t\t\n\t\t<\/div>\n\t\t\t\t\t\t<\/div>\n\t\t\t\t<\/div>\n\t\t\t\t\t<\/div>\n\t\t\t\t<\/div>\n\t\t<div class=\"elementor-element elementor-element-19535d3 e-flex e-con-boxed e-con e-parent\" data-id=\"19535d3\" data-element_type=\"container\" data-e-type=\"container\">\n\t\t\t\t\t<div class=\"e-con-inner\">\n\t\t\t\t<div class=\"elementor-element elementor-element-52b819b elementor-widget elementor-widget-spacer\" data-id=\"52b819b\" data-element_type=\"widget\" data-e-type=\"widget\" data-widget_type=\"spacer.default\">\n\t\t\t\t\t\t\t<div class=\"elementor-spacer\">\n\t\t\t<div class=\"elementor-spacer-inner\"><\/div>\n\t\t<\/div>\n\t\t\t\t\t\t<\/div>\n\t\t\t\t\t<\/div>\n\t\t\t\t<\/div>\n\t\t<div class=\"elementor-element elementor-element-1d37755 e-flex e-con-boxed e-con e-parent\" data-id=\"1d37755\" data-element_type=\"container\" data-e-type=\"container\" data-settings=\"{&quot;background_background&quot;:&quot;classic&quot;}\">\n\t\t\t\t\t<div class=\"e-con-inner\">\n\t\t<div class=\"elementor-element elementor-element-83bd13c e-con-full e-flex e-con e-child\" data-id=\"83bd13c\" data-element_type=\"container\" data-e-type=\"container\">\n\t\t<div class=\"elementor-element elementor-element-b51e700 e-con-full e-flex e-con e-child\" data-id=\"b51e700\" data-element_type=\"container\" data-e-type=\"container\">\n\t\t\t\t<div class=\"elementor-element elementor-element-10960a5 elementor-widget elementor-widget-heading\" data-id=\"10960a5\" data-element_type=\"widget\" data-e-type=\"widget\" data-widget_type=\"heading.default\">\n\t\t\t\t\t<h2 class=\"elementor-heading-title elementor-size-default\">Notre vision\u200b<\/h2>\t\t\t\t<\/div>\n\t\t\t\t<\/div>\n\t\t\t\t<div class=\"elementor-element elementor-element-d47f840 elementor-widget elementor-widget-spacer\" data-id=\"d47f840\" data-element_type=\"widget\" data-e-type=\"widget\" data-widget_type=\"spacer.default\">\n\t\t\t\t\t\t\t<div class=\"elementor-spacer\">\n\t\t\t<div class=\"elementor-spacer-inner\"><\/div>\n\t\t<\/div>\n\t\t\t\t\t\t<\/div>\n\t\t<div class=\"elementor-element elementor-element-37f8ce5c e-con-full e-flex e-con e-child\" data-id=\"37f8ce5c\" data-element_type=\"container\" data-e-type=\"container\">\n\t\t\t\t<div class=\"elementor-element elementor-element-33b97acb elementor-widget-mobile__width-inherit elementor-view-default elementor-widget elementor-widget-icon\" data-id=\"33b97acb\" data-element_type=\"widget\" data-e-type=\"widget\" data-widget_type=\"icon.default\">\n\t\t\t\t\t\t\t<div class=\"elementor-icon-wrapper\">\n\t\t\t<div class=\"elementor-icon\">\n\t\t\t<svg aria-hidden=\"true\" class=\"e-font-icon-svg e-fas-quote-left\" viewBox=\"0 0 512 512\" xmlns=\"http:\/\/www.w3.org\/2000\/svg\"><path d=\"M464 256h-80v-64c0-35.3 28.7-64 64-64h8c13.3 0 24-10.7 24-24V56c0-13.3-10.7-24-24-24h-8c-88.4 0-160 71.6-160 160v240c0 26.5 21.5 48 48 48h128c26.5 0 48-21.5 48-48V304c0-26.5-21.5-48-48-48zm-288 0H96v-64c0-35.3 28.7-64 64-64h8c13.3 0 24-10.7 24-24V56c0-13.3-10.7-24-24-24h-8C71.6 32 0 103.6 0 192v240c0 26.5 21.5 48 48 48h128c26.5 0 48-21.5 48-48V304c0-26.5-21.5-48-48-48z\"><\/path><\/svg>\t\t\t<\/div>\n\t\t<\/div>\n\t\t\t\t\t\t<\/div>\n\t\t\t\t<div class=\"elementor-element elementor-element-31b6e34a elementor-testimonial--layout-image_above elementor-widget__width-inherit elementor-testimonial--skin-default elementor-testimonial--align-center elementor-arrows-yes elementor-widget elementor-widget-testimonial-carousel\" data-id=\"31b6e34a\" data-element_type=\"widget\" data-e-type=\"widget\" data-settings=\"{&quot;slides_per_view&quot;:&quot;1&quot;,&quot;slides_to_scroll&quot;:&quot;1&quot;,&quot;space_between&quot;:{&quot;unit&quot;:&quot;px&quot;,&quot;size&quot;:&quot;25&quot;,&quot;sizes&quot;:[]},&quot;show_arrows&quot;:&quot;yes&quot;,&quot;speed&quot;:500,&quot;autoplay&quot;:&quot;yes&quot;,&quot;autoplay_speed&quot;:5000,&quot;loop&quot;:&quot;yes&quot;,&quot;pause_on_hover&quot;:&quot;yes&quot;,&quot;pause_on_interaction&quot;:&quot;yes&quot;,&quot;space_between_tablet&quot;:{&quot;unit&quot;:&quot;px&quot;,&quot;size&quot;:10,&quot;sizes&quot;:[]},&quot;space_between_mobile&quot;:{&quot;unit&quot;:&quot;px&quot;,&quot;size&quot;:10,&quot;sizes&quot;:[]}}\" data-widget_type=\"testimonial-carousel.default\">\n\t\t\t\t\t\t\t\t\t\t<div class=\"elementor-main-swiper swiper\" role=\"region\" aria-roledescription=\"carousel\" aria-label=\"Slides\">\n\t\t\t\t<div class=\"swiper-wrapper\">\n\t\t\t\t\t\t\t\t\t\t\t<div class=\"swiper-slide\" role=\"group\" aria-roledescription=\"slide\">\n\t\t\t\t\t\t\t\t\t<div class=\"elementor-testimonial\">\n\t\t\t\t\t\t\t<div class=\"elementor-testimonial__content\">\n\t\t\t\t\t<div class=\"elementor-testimonial__text\">\n\t\t\t\t\t\tChaque personne, quelle que soit sa situation, doit pouvoir b\u00e9n\u00e9ficier d\u2019un acc\u00e8s \u00e9quitable \u00e0 la sant\u00e9 et \u00e0 ses droits.\t\t\t\t\t<\/div>\n\t\t\t\t\t\t\t\t\t<\/div>\n\t\t\t\t\t\t<div class=\"elementor-testimonial__footer\">\n\t\t\t\t\t\t\t\t\t\t\t<\/div>\n\t\t<\/div>\n\t\t\t\t\t\t\t\t<\/div>\n\t\t\t\t\t\t\t\t\t<\/div>\n\t\t\t\t\t\t\t<\/div>\n\t\t\t\t\t\t\t\t<\/div>\n\t\t\t\t<\/div>\n\t\t\t\t<\/div>\n\t\t\t\t\t<\/div>\n\t\t\t\t<\/div>\n\t\t<div class=\"elementor-element elementor-element-7148ed6 e-flex e-con-boxed e-con e-parent\" data-id=\"7148ed6\" data-element_type=\"container\" data-e-type=\"container\">\n\t\t\t\t\t<div class=\"e-con-inner\">\n\t\t\t\t<div class=\"elementor-element elementor-element-6cc26ef elementor-widget elementor-widget-spacer\" data-id=\"6cc26ef\" data-element_type=\"widget\" data-e-type=\"widget\" data-widget_type=\"spacer.default\">\n\t\t\t\t\t\t\t<div class=\"elementor-spacer\">\n\t\t\t<div class=\"elementor-spacer-inner\"><\/div>\n\t\t<\/div>\n\t\t\t\t\t\t<\/div>\n\t\t\t\t\t<\/div>\n\t\t\t\t<\/div>\n\t\t\t\t<\/div>\n\t\t","protected":false},"excerpt":{"rendered":"<p>Nos missions Agir au quotidien pour r\u00e9duire les in\u00e9galit\u00e9s d\u2019acc\u00e8s \u00e0 la sant\u00e9.\u200b Coordonner les parcours de sant\u00e9 des personnes vuln\u00e9rables R\u00e9duire les in\u00e9galit\u00e9s d\u2019acc\u00e8s aux soins et accompagner l\u2019ouverture des droits Mener des actions de pr\u00e9vention,de d\u00e9pistage et d\u2019\u00e9ducation \u00e0 la sant\u00e9 Informer, former et soutenir les professionnel\u00b7les face aux situations complexes Participer \u00e0 [&hellip;]<\/p>\n","protected":false},"author":1,"featured_media":0,"parent":0,"menu_order":0,"comment_status":"closed","ping_status":"closed","template":"","meta":{"footnotes":""},"class_list":["post-263","page","type-page","status-publish","hentry"],"_links":{"self":[{"href":"https:\/\/avih.org\/index.php\/wp-json\/wp\/v2\/pages\/263","targetHints":{"allow":["GET"]}}],"collection":[{"href":"https:\/\/avih.org\/index.php\/wp-json\/wp\/v2\/pages"}],"about":[{"href":"https:\/\/avih.org\/index.php\/wp-json\/wp\/v2\/types\/page"}],"author":[{"embeddable":true,"href":"https:\/\/avih.org\/index.php\/wp-json\/wp\/v2\/users\/1"}],"replies":[{"embeddable":true,"href":"https:\/\/avih.org\/index.php\/wp-json\/wp\/v2\/comments?post=263"}],"version-history":[{"count":28,"href":"https:\/\/avih.org\/index.php\/wp-json\/wp\/v2\/pages\/263\/revisions"}],"predecessor-version":[{"id":1414,"href":"https:\/\/avih.org\/index.php\/wp-json\/wp\/v2\/pages\/263\/revisions\/1414"}],"wp:attachment":[{"href":"https:\/\/avih.org\/index.php\/wp-json\/wp\/v2\/media?parent=263"}],"curies":[{"name":"wp","href":"https:\/\/api.w.org\/{rel}","templated":true}]}}