{"id":749,"date":"2025-10-06T14:52:00","date_gmt":"2025-10-06T14:52:00","guid":{"rendered":"http:\/\/avih.org\/?page_id=749"},"modified":"2025-10-06T15:11:49","modified_gmt":"2025-10-06T15:11:49","slug":"notre-territoire","status":"publish","type":"page","link":"https:\/\/avih.org\/index.php\/notre-territoire\/","title":{"rendered":"Notre territoire"},"content":{"rendered":"\t\t<div data-elementor-type=\"wp-page\" data-elementor-id=\"749\" class=\"elementor elementor-749\" data-elementor-post-type=\"page\">\n\t\t\t\t<div class=\"elementor-element elementor-element-49ed9bf e-flex e-con-boxed e-con e-parent\" data-id=\"49ed9bf\" data-element_type=\"container\" data-e-type=\"container\">\n\t\t\t\t\t<div class=\"e-con-inner\">\n\t\t\t\t<div class=\"elementor-element elementor-element-5da64a5 elementor-widget elementor-widget-spacer\" data-id=\"5da64a5\" data-element_type=\"widget\" data-e-type=\"widget\" data-widget_type=\"spacer.default\">\n\t\t\t\t\t\t\t<div class=\"elementor-spacer\">\n\t\t\t<div class=\"elementor-spacer-inner\"><\/div>\n\t\t<\/div>\n\t\t\t\t\t\t<\/div>\n\t\t\t\t\t<\/div>\n\t\t\t\t<\/div>\n\t\t<div class=\"elementor-element elementor-element-4d99864 e-flex e-con-boxed e-con e-parent\" data-id=\"4d99864\" data-element_type=\"container\" data-e-type=\"container\">\n\t\t\t\t\t<div class=\"e-con-inner\">\n\t\t\t\t<div class=\"elementor-element elementor-element-0dcf201 elementor-widget elementor-widget-heading\" data-id=\"0dcf201\" data-element_type=\"widget\" data-e-type=\"widget\" data-widget_type=\"heading.default\">\n\t\t\t\t\t<h2 class=\"elementor-heading-title elementor-size-default\">Notre territoire<\/h2>\t\t\t\t<\/div>\n\t\t\t\t<div class=\"elementor-element elementor-element-cf2efaf elementor-widget elementor-widget-text-editor\" data-id=\"cf2efaf\" data-element_type=\"widget\" data-e-type=\"widget\" data-widget_type=\"text-editor.default\">\n\t\t\t\t\t\t\t\t\t<p>Gr\u00e2ce \u00e0 nos \u00e9quipes mobiles et \u00e0 un r\u00e9seau de partenaires solidaires, nous accompagnons plus de 240 communes, dans un esprit de proximit\u00e9 et de bienveillance.<\/p>\t\t\t\t\t\t\t\t<\/div>\n\t\t\t\t\t<\/div>\n\t\t\t\t<\/div>\n\t\t<div class=\"elementor-element elementor-element-09cf2a7 e-flex e-con-boxed e-con e-parent\" data-id=\"09cf2a7\" data-element_type=\"container\" data-e-type=\"container\">\n\t\t\t\t\t<div class=\"e-con-inner\">\n\t\t\t\t<div class=\"elementor-element elementor-element-5bdd9de elementor-widget elementor-widget-spacer\" data-id=\"5bdd9de\" data-element_type=\"widget\" data-e-type=\"widget\" data-widget_type=\"spacer.default\">\n\t\t\t\t\t\t\t<div class=\"elementor-spacer\">\n\t\t\t<div class=\"elementor-spacer-inner\"><\/div>\n\t\t<\/div>\n\t\t\t\t\t\t<\/div>\n\t\t\t\t\t<\/div>\n\t\t\t\t<\/div>\n\t\t<div class=\"elementor-element elementor-element-dafa8c4 e-flex e-con-boxed e-con e-parent\" data-id=\"dafa8c4\" data-element_type=\"container\" data-e-type=\"container\">\n\t\t\t\t\t<div class=\"e-con-inner\">\n\t\t\t\t<div class=\"elementor-element elementor-element-28241ab elementor-widget elementor-widget-image\" data-id=\"28241ab\" data-element_type=\"widget\" data-e-type=\"widget\" data-widget_type=\"image.default\">\n\t\t\t\t\t\t\t\t\t\t\t\t\t\t\t<img fetchpriority=\"high\" decoding=\"async\" width=\"1108\" height=\"918\" src=\"https:\/\/avih.org\/wp-content\/uploads\/2025\/10\/carte_geante_77-1.png\" class=\"attachment-full size-full wp-image-753\" alt=\"\" srcset=\"https:\/\/avih.org\/wp-content\/uploads\/2025\/10\/carte_geante_77-1.png 1108w, https:\/\/avih.org\/wp-content\/uploads\/2025\/10\/carte_geante_77-1-300x249.png 300w, https:\/\/avih.org\/wp-content\/uploads\/2025\/10\/carte_geante_77-1-1024x848.png 1024w, https:\/\/avih.org\/wp-content\/uploads\/2025\/10\/carte_geante_77-1-768x636.png 768w\" sizes=\"(max-width: 1108px) 100vw, 1108px\" \/>\t\t\t\t\t\t\t\t\t\t\t\t\t\t\t<\/div>\n\t\t\t\t\t<\/div>\n\t\t\t\t<\/div>\n\t\t<div class=\"elementor-element elementor-element-80e8fcb e-flex e-con-boxed e-con e-parent\" data-id=\"80e8fcb\" data-element_type=\"container\" data-e-type=\"container\">\n\t\t\t\t\t<div class=\"e-con-inner\">\n\t\t\t\t\t<\/div>\n\t\t\t\t<\/div>\n\t\t<div class=\"elementor-element elementor-element-7e23108 e-flex e-con-boxed e-con e-parent\" data-id=\"7e23108\" data-element_type=\"container\" data-e-type=\"container\">\n\t\t\t\t\t<div class=\"e-con-inner\">\n\t\t<div class=\"elementor-element elementor-element-8087796 e-con-full e-flex e-con e-child\" data-id=\"8087796\" data-element_type=\"container\" data-e-type=\"container\">\n\t\t\t\t<div class=\"elementor-element elementor-element-ff17d85 elementor-widget elementor-widget-text-editor\" data-id=\"ff17d85\" data-element_type=\"widget\" data-e-type=\"widget\" data-widget_type=\"text-editor.default\">\n\t\t\t\t\t\t\t\t\t<p class=\"p1\"><strong>A<\/strong>MILLIS<\/p><p class=\"p1\">ANNET-SUR-MARNE<\/p><p class=\"p1\">ARMENTIERES-EN-BRIE<\/p><p class=\"p1\">AULNOY<\/p><hr \/><p class=\"p1\"><span class=\"s1\"><b>B<\/b><\/span>AILLY-ROMAINVILLIERS<\/p><p class=\"p1\">BARCY<\/p><p class=\"p1\">BASSEVELLE<\/p><p class=\"p1\">BEAUTHEIL<\/p><p class=\"p1\">BELLOT<\/p><p class=\"p1\">BERNAY-VILBERT<\/p><p class=\"p1\">BOISSY-LE-CHATEL<\/p><p class=\"p1\">BOITRON<\/p><p class=\"p1\">BOULEURS<\/p><p class=\"p1\">BOUTIGNY<\/p><p class=\"p1\">BROU-SUR-CHANTEREINE<\/p><p class=\"p1\">BUSSIERES<\/p><p class=\"p1\">BUSSY-SAINT-GEORGES<\/p><p class=\"p1\">BUSSY-SAINT-MARTIN<\/p><hr \/><p class=\"p1\"><span class=\"s1\"><b>C<\/b><\/span>ARNETIN<\/p><p class=\"p1\">CHAILLY-EN-BRIE<\/p><p class=\"p1\">CHALIFERT<\/p><p class=\"p1\">CHAMBRY CHAMIGNY<\/p><p class=\"p1\">CHAMPS-SUR-MARNE<\/p><p class=\"p1\">CHANGIS-SUR-MARNE<\/p>\t\t\t\t\t\t\t\t<\/div>\n\t\t\t\t<\/div>\n\t\t<div class=\"elementor-element elementor-element-988ec19 e-con-full e-flex e-con e-child\" data-id=\"988ec19\" data-element_type=\"container\" data-e-type=\"container\">\n\t\t\t\t<div class=\"elementor-element elementor-element-d4cba39 elementor-widget elementor-widget-text-editor\" data-id=\"d4cba39\" data-element_type=\"widget\" data-e-type=\"widget\" data-widget_type=\"text-editor.default\">\n\t\t\t\t\t\t\t\t\t<p class=\"p1\">CHANTELOUP-EN-BRIE<\/p><p class=\"p1\">CHARMENTRAY<\/p><p class=\"p1\">CHARNY<\/p><p class=\"p1\">CHARTRONGES<\/p><p class=\"p1\">CHATRES<\/p><p class=\"p1\">CHAUCONIN-NEUFMONTIERS<\/p><p class=\"p1\">CHAUFFRY<\/p><p class=\"p1\">CHAUMES-EN-BRIE<\/p><p class=\"p1\">CHELLES<\/p><p class=\"p1\">CHESSY<\/p><p class=\"p1\">CHEVRU<\/p><p class=\"p1\">CHEVRY-COSSIGNY<\/p><p class=\"p1\">CHOISY-EN-BRIE<\/p><p class=\"p1\">CITRY<\/p><p class=\"p1\">CLAYE-SOUILLY<\/p><p class=\"p1\">COCHEREL<\/p><p class=\"p1\">COLL\u00e9GIEN<\/p><p class=\"p1\">COMPANS<\/p><p class=\"p1\">CONCHES-SUR-GONDOIRE<\/p><p class=\"p1\">CONDE-SAINTE-LIBIAIRE<\/p><p class=\"p1\">CONGIS-SUR-THEROUANNE<\/p><p class=\"p1\">COUILLY-PONT-AUX-DAMES<\/p><p class=\"p1\">COULOMBS-EN-VALOIS<\/p><p class=\"p1\">COULOMMES<\/p>\t\t\t\t\t\t\t\t<\/div>\n\t\t\t\t<\/div>\n\t\t\t\t\t<\/div>\n\t\t\t\t<\/div>\n\t\t<div class=\"elementor-element elementor-element-93509c1 e-flex e-con-boxed e-con e-parent\" data-id=\"93509c1\" data-element_type=\"container\" data-e-type=\"container\">\n\t\t\t\t\t<div class=\"e-con-inner\">\n\t\t<div class=\"elementor-element elementor-element-edc9a29 e-con-full e-flex e-con e-child\" data-id=\"edc9a29\" data-element_type=\"container\" data-e-type=\"container\">\n\t\t\t\t<div class=\"elementor-element elementor-element-5df7804 elementor-widget elementor-widget-text-editor\" data-id=\"5df7804\" data-element_type=\"widget\" data-e-type=\"widget\" data-widget_type=\"text-editor.default\">\n\t\t\t\t\t\t\t\t\t<p class=\"p1\">COULOMMIERS<\/p><p class=\"p1\">COUPVRAY<\/p><p class=\"p1\">COURPALAY<\/p><p class=\"p1\">COURQUETAINE<\/p><p class=\"p1\">COURTRY<\/p><p class=\"p1\">COUTEVROULT<\/p><p class=\"p1\">CRECY-LA-CHAPELLE<\/p><p class=\"p1\">CREGY-LES-MEAUX<\/p><p class=\"p1\">CREVECOEUR-EN-BRIE<\/p><p class=\"p1\">CROISSY-BEAUBOURG<\/p><p class=\"p1\">CROUY-SUR-OURCQ<\/p><p class=\"p1\">CUISY<\/p><hr \/><p class=\"p1\"><span class=\"s1\"><b>D<\/b><\/span>AGNY<\/p><p class=\"p1\">DAMMARTIN-EN-GOELE<\/p><p class=\"p1\">DAMMARTIN-SUR-TIGEAUX<\/p><p class=\"p1\">DAMPMART<\/p><p class=\"p1\">DHUISY<\/p><p class=\"p1\">DOU\u00c9<\/p><p class=\"p1\">DOUY-LA-RAM\u00c9E<\/p><hr \/><p class=\"p1\"><span class=\"s1\"><b>E<\/b><\/span>MERAINVILLE<\/p><p class=\"p1\">ESBLY<\/p><p class=\"p1\">ETREPILLY<\/p><hr \/><p class=\"p1\"><span class=\"s1\"><b>F<\/b><\/span>AREMOUTIERS<\/p><p class=\"p1\">FAVIERES<\/p><p class=\"p1\">FEROLLES-ATTILLY<\/p><p class=\"p1\">FERRIERES-EN-BRIE<\/p><p class=\"p1\">FONTENAY-TRESIGNY<\/p><p class=\"p1\">FORFRY<\/p><p class=\"p1\">FRESNES-SUR-MARNE<\/p><p class=\"p1\">FUBLAINES<\/p><hr \/><p class=\"p1\"><span class=\"s2\"><b>G<\/b><\/span>ERMIGNY-L\u2019\u2019EVEQUE<\/p><p class=\"p1\">GERMIGNY-SOUS-COULOMBS<\/p><p class=\"p1\">GESVRES-LE-CHAPITRE<\/p><p class=\"p1\">GIREMOUTIERS<\/p><p class=\"p1\">GOUVERNES<\/p><p class=\"p1\">GRESSY<\/p><p class=\"p1\">GRETZ-ARMAINVILLIERS<\/p><p class=\"p1\">GUERARD<\/p><p class=\"p1\">GUERMANTES<\/p><hr \/><p class=\"p1\"><span class=\"s1\"><b>H<\/b><\/span>AUTEFEUILLE<\/p><p class=\"p1\">HONDEVILLIERS<\/p><hr \/><p class=\"p1\"><span class=\"s1\"><b>I<\/b><\/span>SLES-LES-MELDEUSES<\/p><p class=\"p1\">ISLES-LES-VILLENOY<\/p><p class=\"p1\">IVERNY<\/p><hr \/><p class=\"p1\"><span class=\"s1\"><b>J<\/b><\/span>ABLINES<\/p><p class=\"p1\">JAIGNES<\/p><p class=\"p1\">JOSSIGNY<\/p><p class=\"p1\">JOUARRE<\/p><p class=\"p1\">JOUY-SUR-MORIN<\/p><p class=\"p1\">JUILLY<\/p><hr \/><p class=\"p1\"><span class=\"s1\"><b>L<\/b><\/span>A CELLE-SUR-MORIN<\/p><p class=\"p1\">LA CHAPELLE-IGER<\/p><p class=\"p1\">LA CHAPELLE-MOUTILS<\/p><p class=\"p1\">LA FERTE-GAUCHER<\/p>\t\t\t\t\t\t\t\t<\/div>\n\t\t\t\t<\/div>\n\t\t<div class=\"elementor-element elementor-element-d935dcd e-con-full e-flex e-con e-child\" data-id=\"d935dcd\" data-element_type=\"container\" data-e-type=\"container\">\n\t\t\t\t<div class=\"elementor-element elementor-element-838e720 elementor-widget elementor-widget-text-editor\" data-id=\"838e720\" data-element_type=\"widget\" data-e-type=\"widget\" data-widget_type=\"text-editor.default\">\n\t\t\t\t\t\t\t\t\t<p class=\"p1\">LA FERTE-SOUS-JOUARRE<\/p><p class=\"p1\">LA HAUTE-MAISON<\/p><p class=\"p1\">LA HOUSSAYE-EN-BRIE<\/p><p class=\"p1\">LA TRETOIRE<\/p><p class=\"p1\">LAGNY-SUR-MARNE<\/p><p class=\"p1\">LE MESNIL-AMELOT<\/p><p class=\"p1\">LE PIN<\/p><p class=\"p1\">LE PLESSIS-AUX-BOIS<\/p><p class=\"p1\">LE PLESSIS-FEU-AUSSOUX<\/p><p class=\"p1\">LE PLESSIS-L\u2019\u00e9V\u00e8QUE<\/p><p class=\"p1\">LE PLESSIS-PLACY<\/p><p class=\"p1\">LES CHAPELLES-BOURBON<\/p><p class=\"p1\">LESCHEROLLES<\/p><p class=\"p1\">LESCHES<\/p><p class=\"p1\">LESIGNY<\/p><p class=\"p1\">LEUDON-EN-BRIE<\/p><p class=\"p1\">LIVERDY-EN-BRIE<\/p><p class=\"p1\">LIZY-SUR-OURCQ<\/p><p class=\"p1\">LOGNES<\/p><p class=\"p1\">LONGPERRIER<\/p><p class=\"p1\">LUMIGNY-NESLES-ORMEAUX<\/p><p class=\"p1\">LUZANCY<\/p><hr \/><p class=\"p1\"><span class=\"s1\"><b>M<\/b><\/span>AGNY-LE-HONGRE<\/p><p class=\"p1\">MAISONCELLES-EN-BRIE<\/p><p class=\"p1\">MARCHEMORET<\/p><p class=\"p1\">MARCILLY<\/p><p class=\"p1\">MAREUIL-LES-MEAUX<\/p><p class=\"p1\">MARLES-EN-BRIE<\/p><p class=\"p1\">MAROLLES-EN-BRIE<\/p><p class=\"p1\">MARY-SUR-MARNE<\/p><p class=\"p1\">MAUPERTHUIS<\/p><p class=\"p1\">MAUREGARD<\/p><p class=\"p1\">MAY-EN-MULTIEN<\/p><p class=\"p1\">MEAUX<\/p><p class=\"p1\">MEILLERAY<\/p><p class=\"p1\">MERY-SUR-MARNE<\/p><p class=\"p1\">MESSY<\/p><p class=\"p1\">MITRY-MORY<\/p><p class=\"p1\">MONTCEAUX-LES-MEAUX<\/p><p class=\"p1\">MONTDAUPHIN<\/p><p class=\"p1\">MONTENILS<\/p><p class=\"p1\">MONTEVRAIN<\/p><p class=\"p1\">MONTGE-EN-GOELE<\/p><p class=\"p1\">MONTHYON<\/p><p class=\"p1\">MONTOLIVET<\/p><p class=\"p1\">MONTRY<\/p><p class=\"p1\">MORTCERF<\/p><p class=\"p1\">MOUROUX<\/p><p class=\"p1\">MOUSSY-LE-NEUF<\/p><p class=\"p1\">MOUSSY-LE-VIEUX<\/p><hr \/><p class=\"p1\"><span class=\"s1\"><b>N<\/b><\/span>ANTEUIL-LES-MEAUX<\/p><p class=\"p1\">NANTEUIL-SUR-MARNE<\/p><p class=\"p1\">NANTOUILLET<\/p><p class=\"p1\">NEUFMOUTIERS-EN-BRIE<\/p><p class=\"p1\">NOISIEL<\/p>\t\t\t\t\t\t\t\t<\/div>\n\t\t\t\t<\/div>\n\t\t\t\t\t<\/div>\n\t\t\t\t<\/div>\n\t\t<div class=\"elementor-element elementor-element-7d4a242 e-flex e-con-boxed e-con e-parent\" data-id=\"7d4a242\" data-element_type=\"container\" data-e-type=\"container\">\n\t\t\t\t\t<div class=\"e-con-inner\">\n\t\t<div class=\"elementor-element elementor-element-f2b6573 e-con-full e-flex e-con e-child\" data-id=\"f2b6573\" data-element_type=\"container\" data-e-type=\"container\">\n\t\t\t\t<div class=\"elementor-element elementor-element-78ca25e elementor-widget elementor-widget-text-editor\" data-id=\"78ca25e\" data-element_type=\"widget\" data-e-type=\"widget\" data-widget_type=\"text-editor.default\">\n\t\t\t\t\t\t\t\t\t<p class=\"p1\"><span class=\"s1\"><b>O<\/b><\/span>CQUERRE<\/p><p class=\"p1\">OISSERY<\/p><p class=\"p1\">ORLY-SUR-MORIN<\/p><p class=\"p1\">OTHIS<\/p><p class=\"p1\">OZOIR-LA-FERRIERE<\/p><p class=\"p1\">OZOUER-LE-VOULGIS<\/p><hr \/><p class=\"p1\"><span class=\"s1\"><b>P<\/b><\/span>ENCHARD<\/p><p class=\"p1\">PEZARCHES<\/p><p class=\"p1\">PIERRE-LEV\u00e9E<\/p><p class=\"p1\">POINCY<\/p><p class=\"p1\">POMMEUSE<\/p><p class=\"p1\">POMPONNE<\/p><p class=\"p1\">PONTAULT-COMBAULT<\/p><p class=\"p1\">PONTCARRE<\/p><p class=\"p1\">PRECY-SUR-MARNE<\/p><p class=\"p1\">PRESLES-EN-BRIE<\/p><p class=\"p1\">PUISIEUX<\/p><hr \/><p class=\"p1\"><span class=\"s1\"><b>Q<\/b><\/span>UINCY-VOISINS<\/p><hr \/><p class=\"p1\"><span class=\"s1\"><b>R<\/b><\/span>EBAIS<\/p><p class=\"p1\">REUIL-EN-BRIE<\/p><p class=\"p1\">ROISSY-EN-BRIE<\/p><p class=\"p1\">ROUVRES<\/p><p class=\"p1\">ROZAY-EN-BRIE<\/p><hr \/><p class=\"p1\"><span class=\"s1\"><b>S<\/b><\/span>AACY-SUR-MARNE<\/p><p class=\"p1\">SABLONNIERES<\/p><p class=\"p1\">SAINT-AUGUSTIN<\/p><p class=\"p1\">SAINT-BARTHELEMY<\/p><p class=\"p1\">SAINT-CYR-SUR-MORIN<\/p><p class=\"p1\">SAINT-DENIS-LES-REBAIS<\/p><p class=\"p1\">SAINTE-AULDE<\/p><p class=\"p1\">SAINT-FIACRE<\/p><p class=\"p1\">SAINT-GERMAIN-SOUS-DOUE<\/p><p class=\"p1\">SAINT-GERMAIN-SUR-MORIN<\/p><p class=\"p1\">SAINT-JEAN-LES-DEUX-JUMEAUX<\/p><p class=\"p1\">SAINT-L\u00c9GER<\/p><p class=\"p1\">SAINT-MARD<\/p><p class=\"p1\">SAINT-MARTIN-DES-CHAMPS<\/p><p class=\"p1\">SAINT-MESMES<\/p><p class=\"p1\">SAINT-OUEN-SUR-MORIN<\/p><p class=\"p1\">SAINT-PATHUS<\/p><p class=\"p1\">SAINT-R\u00c9MY-LA-VANNE<\/p><p class=\"p1\">SAINTS<\/p><p class=\"p1\">SAINT-SIMEON<\/p><p class=\"p1\">SAINT-SOUPPLETS<\/p><p class=\"p1\">SAINT-THIBAULT-DES-VIGNES<\/p><p class=\"p1\">SAMMERON<\/p><p class=\"p1\">SANCY<\/p><p class=\"p1\">SEPT-SORTS<\/p><p class=\"p1\">SERRIS<\/p><p class=\"p1\">SIGNY-SIGNETS<\/p>\t\t\t\t\t\t\t\t<\/div>\n\t\t\t\t<\/div>\n\t\t<div class=\"elementor-element elementor-element-76ab19f e-con-full e-flex e-con e-child\" data-id=\"76ab19f\" data-element_type=\"container\" data-e-type=\"container\">\n\t\t\t\t<div class=\"elementor-element elementor-element-cb1ee98 elementor-widget elementor-widget-text-editor\" data-id=\"cb1ee98\" data-element_type=\"widget\" data-e-type=\"widget\" data-widget_type=\"text-editor.default\">\n\t\t\t\t\t\t\t\t\t<p class=\"p1\"><span class=\"s1\"><b>T<\/b><\/span>ANCROU<\/p><p class=\"p1\">THIEUX<\/p><p class=\"p1\">THORIGNY-SUR-MARNE<\/p><p class=\"p1\">TIGEAUX<\/p><p class=\"p1\">TORCY<\/p><p class=\"p1\">TOUQUIN<\/p><p class=\"p1\">TOURNAN-EN-BRIE<\/p><p class=\"p1\">TRILBARDOU<\/p><p class=\"p1\">TRILPORT<\/p><p class=\"p1\">TROCY-EN-MULTIEN<\/p><hr \/><p class=\"p1\"><span class=\"s1\"><b>U<\/b><\/span>SSY-SUR-MARNE<\/p><hr \/><p class=\"p1\"><span class=\"s1\"><b>V<\/b><\/span>AIRES-SUR-MARNE<\/p><p class=\"p1\">VARREDDES<\/p><p class=\"p1\">VAUCOURTOIS<\/p><p class=\"p1\">VAUDOY-EN-BRIE<\/p><p class=\"p1\">VENDREST<\/p><p class=\"p1\">VERDELOT<\/p><p class=\"p1\">VIGNELY<\/p><p class=\"p1\">VILLEMAREUIL<\/p><p class=\"p1\">VILLENEUVE-LE-COMTE<\/p><p class=\"p1\">VILLENEUVE-SAINT-DENIS<\/p><p class=\"p1\">VILLENEUVE-SOUS-DAMMARTIN<\/p><p class=\"p1\">VILLENEUVE-SUR-BELLOT<\/p><p class=\"p1\">VILLENOY<\/p><p class=\"p1\">VILLEPARISIS<\/p><p class=\"p1\">VILLEROY<\/p><p class=\"p1\">VILLEVAUDE<\/p><p class=\"p1\">VILLIERS-SUR-MORIN<\/p><p class=\"p1\">VINANTES<\/p><p class=\"p1\">VINCY-MANOEUVRE<\/p><p class=\"p1\">VOINSLES<\/p><p class=\"p1\">VOULANGIS<\/p>\t\t\t\t\t\t\t\t<\/div>\n\t\t\t\t<\/div>\n\t\t\t\t\t<\/div>\n\t\t\t\t<\/div>\n\t\t<div class=\"elementor-element elementor-element-f1de1e3 e-flex e-con-boxed e-con e-parent\" data-id=\"f1de1e3\" data-element_type=\"container\" data-e-type=\"container\">\n\t\t\t\t\t<div class=\"e-con-inner\">\n\t\t\t\t<div class=\"elementor-element elementor-element-768cb2a elementor-widget elementor-widget-spacer\" data-id=\"768cb2a\" data-element_type=\"widget\" data-e-type=\"widget\" data-widget_type=\"spacer.default\">\n\t\t\t\t\t\t\t<div class=\"elementor-spacer\">\n\t\t\t<div class=\"elementor-spacer-inner\"><\/div>\n\t\t<\/div>\n\t\t\t\t\t\t<\/div>\n\t\t\t\t\t<\/div>\n\t\t\t\t<\/div>\n\t\t\t\t<\/div>\n\t\t","protected":false},"excerpt":{"rendered":"<p>Notre territoire Gr\u00e2ce \u00e0 nos \u00e9quipes mobiles et \u00e0 un r\u00e9seau de partenaires solidaires, nous accompagnons plus de 240 communes, dans un esprit de proximit\u00e9 et de bienveillance. AMILLIS ANNET-SUR-MARNE ARMENTIERES-EN-BRIE AULNOY BAILLY-ROMAINVILLIERS BARCY BASSEVELLE BEAUTHEIL BELLOT BERNAY-VILBERT BOISSY-LE-CHATEL BOITRON BOULEURS BOUTIGNY BROU-SUR-CHANTEREINE BUSSIERES BUSSY-SAINT-GEORGES BUSSY-SAINT-MARTIN CARNETIN CHAILLY-EN-BRIE CHALIFERT CHAMBRY CHAMIGNY CHAMPS-SUR-MARNE CHANGIS-SUR-MARNE CHANTELOUP-EN-BRIE CHARMENTRAY [&hellip;]<\/p>\n","protected":false},"author":1,"featured_media":0,"parent":0,"menu_order":0,"comment_status":"closed","ping_status":"closed","template":"","meta":{"footnotes":""},"class_list":["post-749","page","type-page","status-publish","hentry"],"_links":{"self":[{"href":"https:\/\/avih.org\/index.php\/wp-json\/wp\/v2\/pages\/749","targetHints":{"allow":["GET"]}}],"collection":[{"href":"https:\/\/avih.org\/index.php\/wp-json\/wp\/v2\/pages"}],"about":[{"href":"https:\/\/avih.org\/index.php\/wp-json\/wp\/v2\/types\/page"}],"author":[{"embeddable":true,"href":"https:\/\/avih.org\/index.php\/wp-json\/wp\/v2\/users\/1"}],"replies":[{"embeddable":true,"href":"https:\/\/avih.org\/index.php\/wp-json\/wp\/v2\/comments?post=749"}],"version-history":[{"count":10,"href":"https:\/\/avih.org\/index.php\/wp-json\/wp\/v2\/pages\/749\/revisions"}],"predecessor-version":[{"id":763,"href":"https:\/\/avih.org\/index.php\/wp-json\/wp\/v2\/pages\/749\/revisions\/763"}],"wp:attachment":[{"href":"https:\/\/avih.org\/index.php\/wp-json\/wp\/v2\/media?parent=749"}],"curies":[{"name":"wp","href":"https:\/\/api.w.org\/{rel}","templated":true}]}}